{"id":886,"date":"2022-09-29T13:20:43","date_gmt":"2022-09-29T13:20:43","guid":{"rendered":"https:\/\/winterberg.group\/?page_id=886"},"modified":"2022-09-29T13:24:41","modified_gmt":"2022-09-29T13:24:41","slug":"nachhaltigkeit-esg","status":"publish","type":"page","link":"https:\/\/winterberg.group\/de\/nachhaltigkeit-esg\/","title":{"rendered":"Nachhaltigkeit &#8211; ESG"},"content":{"rendered":"<p><strong>Pflichtangaben nach der Verordnung des Europ\u00e4ischen Parlaments und des Rates \u00fcber nachhaltigkeitsbezogene Offenlegungspflichten im Finanzdienstleistungssektor (EU) 2019\/2088 (\u201eOffenlegungsverordnung\u201c):<\/strong><\/p>\n<p>Die Winterberg Advisory GmbH (LEI: 39120055FTB205D4CL27) ist eine Kapitalverwaltungsgesellschaft im Sinne des Kapitalanlagegesetzbuchs (KAGB) und ver\u00f6ffentlicht als solche die nachfolgenden Informationen in Zusammenhang mit der Ber\u00fccksichtigung nachhaltigkeitsbezogener Aspekte gem\u00e4\u00df der Verordnung (EU) 2019\/2088 des Europ\u00e4ischen Parlaments und des Rates vom 27. November 2019 \u00fcber nachhaltigkeitsbezogene Offenlegungspflichten im Finanzdienstleistungssektor (die \u201eSFDR\u201c) auf ihrer Internetseite.<\/p>\n<p><strong>1. Informationen zur Einbeziehung von Nachhaltigkeitsrisiken bei den Investitionsentscheidungsprozessen<\/strong><\/p>\n<p>Winterberg Advisory GmbH bezieht Nachhaltigkeitsrisiken in ihre Investitionsentscheidungsprozesse ein, wobei unter einem \u201eNachhaltigkeitsrisiko\u201c zu unterscheiden ist zwischen den Bereichen Umwelt, Soziales und Unternehmensf\u00fchrung, welche potenziell wesentliche negative Auswirkungen auf den Wert der Investition haben k\u00f6nnte.<br \/>\nIm Rahmen des Investitionsentscheidungsprozesses werden m\u00f6gliche Nachhaltigkeitsrisiken in Zusammenhang mit einem Investment evaluiert, bewertet und zu anderen Faktoren (wie Preis und erwartete Rendite des Investments) im Rahmen des Risikomanagements in Relation gesetzt. Nachhaltigkeitsrisiken k\u00f6nnen eigenst\u00e4ndige Risiken darstellen und auf alle bekannten anderen Risikoarten erheblich einwirken und als Faktor zur Wesentlichkeit dieser Risikoarten beitragen. Die Ber\u00fccksichtigung von Nachhaltigkeitsrisiken im Investitionsentscheidungsprozess soll daher negativen Auswirkungen auf den erwarteten\/gesch\u00e4tzten Marktpreis und\/oder die Liquidit\u00e4t des Investments und somit auf die Rendite des jeweiligen von Winterberg Advisory GmbH verwalteten Fonds vorbeugen.<br \/>\nDiese Richtlinien werden regelm\u00e4\u00dfig \u00fcberpr\u00fcft, um sicherzustellen, dass sie neue Risiken sowie die Bedenken der Investoren ber\u00fccksichtigen.<\/p>\n<p><strong>2. Erkl\u00e4rung zu den wichtigsten nachteiligen Nachhaltigkeitsauswirkungen<\/strong><\/p>\n<p>Nach derzeitiger Interpretation der regulatorischen Vorgaben macht die Winterberg Advisory GmbH von einem Wahlrecht nach Artikel 4 Abs. 1 Buchst. b) SFDR Gebrauch und ber\u00fccksichtigt wesentliche negative Auswirkungen auf Nachhaltigkeitsfaktoren im Rahmen von Investitionsentscheidungsprozessen aktuell nicht. Diese Entscheidung unterliegt einer regelm\u00e4\u00dfigen \u00dcberpr\u00fcfung durch die Gesch\u00e4ftsleitung. Die Nichtber\u00fccksichtigung des damit verbundenen PAI-Konzepts (PAI = principal adverse impact) als konkreter regulatorischer Ansatz steht hierbei nicht im Widerspruch zum Bekenntnis der Winterberg Advisory GmbH im Bereich Nachhaltigkeit, insbesondere der Bezugnahme von Nachhaltigkeitsrisiken. ESG (Environmental, Social, Governance)-Faktoren werden somit bei allen Portfolioentscheidungen intern ber\u00fccksichtigt.<\/p>\n<p><strong>3. Informationen \u00fcber die Verg\u00fctungspolitik<\/strong><\/p>\n<p>Die Winterberg Advisory GmbH ber\u00fccksichtigt Nachhaltigkeitsrisiken im Rahmen ihrer Verg\u00fctungspolitik angemessen. Das implementierte Verg\u00fctungssystem bietet keine Anreize, Nachhaltigkeitsrisiken in Bezug auf die Winterberg Advisory GmbH oder die von ihr verwalteten Fonds einzugehen. Dementsprechend werden Nachhaltigkeitsrisiken auch im Rahmen der Leistungsbeurteilung von Mitarbeitern angemessen ber\u00fccksichtigt.<\/p>\n<p>&nbsp;<\/p>\n","protected":false},"excerpt":{"rendered":"<p>Pflichtangaben nach der Verordnung des Europ\u00e4ischen Parlaments und des Rates \u00fcber nachhaltigkeitsbezogene Offenlegungspflichten im Finanzdienstleistungssektor (EU) 2019\/2088 (\u201eOffenlegungsverordnung\u201c): Die Winterberg Advisory GmbH (LEI: 39120055FTB205D4CL27) ist eine Kapitalverwaltungsgesellschaft im Sinne des Kapitalanlagegesetzbuchs (KAGB) und ver\u00f6ffentlicht als solche die nachfolgenden Informationen in Zusammenhang mit der Ber\u00fccksichtigung nachhaltigkeitsbezogener Aspekte gem\u00e4\u00df der Verordnung (EU) 2019\/2088 des Europ\u00e4ischen Parlaments und [&hellip;]<\/p>\n","protected":false},"author":2,"featured_media":0,"parent":0,"menu_order":5,"comment_status":"closed","ping_status":"closed","template":"","meta":{"inline_featured_image":false,"footnotes":""},"class_list":["post-886","page","type-page","status-publish","hentry"],"yoast_head":"<!-- This site is optimized with the Yoast SEO plugin v22.7 - https:\/\/yoast.com\/wordpress\/plugins\/seo\/ -->\n<title>Nachhaltigkeit - ESG - Winterberg Group<\/title>\n<meta name=\"robots\" content=\"index, follow, max-snippet:-1, max-image-preview:large, max-video-preview:-1\" \/>\n<meta property=\"og:locale\" content=\"de_DE\" \/>\n<meta property=\"og:type\" content=\"article\" \/>\n<meta property=\"og:title\" content=\"Nachhaltigkeit - ESG - Winterberg Group\" \/>\n<meta property=\"og:description\" content=\"Pflichtangaben nach der Verordnung des Europ\u00e4ischen Parlaments und des Rates \u00fcber nachhaltigkeitsbezogene Offenlegungspflichten im Finanzdienstleistungssektor (EU) 2019\/2088 (\u201eOffenlegungsverordnung\u201c): Die Winterberg Advisory GmbH (LEI: 39120055FTB205D4CL27) ist eine Kapitalverwaltungsgesellschaft im Sinne des Kapitalanlagegesetzbuchs (KAGB) und ver\u00f6ffentlicht als solche die nachfolgenden Informationen in Zusammenhang mit der Ber\u00fccksichtigung nachhaltigkeitsbezogener Aspekte gem\u00e4\u00df der Verordnung (EU) 2019\/2088 des Europ\u00e4ischen Parlaments und [&hellip;]\" \/>\n<meta property=\"og:url\" content=\"https:\/\/winterberg.group\/nachhaltigkeit-esg\/\" \/>\n<meta property=\"og:site_name\" content=\"Winterberg Group\" \/>\n<meta property=\"article:modified_time\" content=\"2022-09-29T13:24:41+00:00\" \/>\n<meta name=\"twitter:card\" content=\"summary_large_image\" \/>\n<meta name=\"twitter:label1\" content=\"Gesch\u00e4tzte Lesezeit\" \/>\n\t<meta name=\"twitter:data1\" content=\"2\u00a0Minuten\" \/>\n<script type=\"application\/ld+json\" class=\"yoast-schema-graph\">{\"@context\":\"https:\/\/schema.org\",\"@graph\":[{\"@type\":\"WebPage\",\"@id\":\"https:\/\/winterberg.group\/nachhaltigkeit-esg\/\",\"url\":\"https:\/\/winterberg.group\/nachhaltigkeit-esg\/\",\"name\":\"Nachhaltigkeit - ESG - Winterberg Group\",\"isPartOf\":{\"@id\":\"https:\/\/winterberg.group\/#website\"},\"datePublished\":\"2022-09-29T13:20:43+00:00\",\"dateModified\":\"2022-09-29T13:24:41+00:00\",\"breadcrumb\":{\"@id\":\"https:\/\/winterberg.group\/nachhaltigkeit-esg\/#breadcrumb\"},\"inLanguage\":\"de\",\"potentialAction\":[{\"@type\":\"ReadAction\",\"target\":[\"https:\/\/winterberg.group\/nachhaltigkeit-esg\/\"]}]},{\"@type\":\"BreadcrumbList\",\"@id\":\"https:\/\/winterberg.group\/nachhaltigkeit-esg\/#breadcrumb\",\"itemListElement\":[{\"@type\":\"ListItem\",\"position\":1,\"name\":\"Home\",\"item\":\"https:\/\/winterberg.group\/\"},{\"@type\":\"ListItem\",\"position\":2,\"name\":\"Nachhaltigkeit &#8211; ESG\"}]},{\"@type\":\"WebSite\",\"@id\":\"https:\/\/winterberg.group\/#website\",\"url\":\"https:\/\/winterberg.group\/\",\"name\":\"Winterberg Group\",\"description\":\"\",\"publisher\":{\"@id\":\"https:\/\/winterberg.group\/#organization\"},\"potentialAction\":[{\"@type\":\"SearchAction\",\"target\":{\"@type\":\"EntryPoint\",\"urlTemplate\":\"https:\/\/winterberg.group\/?s={search_term_string}\"},\"query-input\":\"required name=search_term_string\"}],\"inLanguage\":\"de\"},{\"@type\":\"Organization\",\"@id\":\"https:\/\/winterberg.group\/#organization\",\"name\":\"Winterberg Group\",\"url\":\"https:\/\/winterberg.group\/\",\"logo\":{\"@type\":\"ImageObject\",\"inLanguage\":\"de\",\"@id\":\"https:\/\/winterberg.group\/#\/schema\/logo\/image\/\",\"url\":\"https:\/\/winterberg.group\/wp-content\/uploads\/2018\/06\/winterberg-group-logo-with-w.png\",\"contentUrl\":\"https:\/\/winterberg.group\/wp-content\/uploads\/2018\/06\/winterberg-group-logo-with-w.png\",\"width\":356,\"height\":48,\"caption\":\"Winterberg Group\"},\"image\":{\"@id\":\"https:\/\/winterberg.group\/#\/schema\/logo\/image\/\"}}]}<\/script>\n<!-- \/ Yoast SEO plugin. -->","yoast_head_json":{"title":"Nachhaltigkeit - ESG - Winterberg Group","robots":{"index":"index","follow":"follow","max-snippet":"max-snippet:-1","max-image-preview":"max-image-preview:large","max-video-preview":"max-video-preview:-1"},"og_locale":"de_DE","og_type":"article","og_title":"Nachhaltigkeit - ESG - Winterberg Group","og_description":"Pflichtangaben nach der Verordnung des Europ\u00e4ischen Parlaments und des Rates \u00fcber nachhaltigkeitsbezogene Offenlegungspflichten im Finanzdienstleistungssektor (EU) 2019\/2088 (\u201eOffenlegungsverordnung\u201c): Die Winterberg Advisory GmbH (LEI: 39120055FTB205D4CL27) ist eine Kapitalverwaltungsgesellschaft im Sinne des Kapitalanlagegesetzbuchs (KAGB) und ver\u00f6ffentlicht als solche die nachfolgenden Informationen in Zusammenhang mit der Ber\u00fccksichtigung nachhaltigkeitsbezogener Aspekte gem\u00e4\u00df der Verordnung (EU) 2019\/2088 des Europ\u00e4ischen Parlaments und [&hellip;]","og_url":"https:\/\/winterberg.group\/nachhaltigkeit-esg\/","og_site_name":"Winterberg Group","article_modified_time":"2022-09-29T13:24:41+00:00","twitter_card":"summary_large_image","twitter_misc":{"Gesch\u00e4tzte Lesezeit":"2\u00a0Minuten"},"schema":{"@context":"https:\/\/schema.org","@graph":[{"@type":"WebPage","@id":"https:\/\/winterberg.group\/nachhaltigkeit-esg\/","url":"https:\/\/winterberg.group\/nachhaltigkeit-esg\/","name":"Nachhaltigkeit - ESG - Winterberg Group","isPartOf":{"@id":"https:\/\/winterberg.group\/#website"},"datePublished":"2022-09-29T13:20:43+00:00","dateModified":"2022-09-29T13:24:41+00:00","breadcrumb":{"@id":"https:\/\/winterberg.group\/nachhaltigkeit-esg\/#breadcrumb"},"inLanguage":"de","potentialAction":[{"@type":"ReadAction","target":["https:\/\/winterberg.group\/nachhaltigkeit-esg\/"]}]},{"@type":"BreadcrumbList","@id":"https:\/\/winterberg.group\/nachhaltigkeit-esg\/#breadcrumb","itemListElement":[{"@type":"ListItem","position":1,"name":"Home","item":"https:\/\/winterberg.group\/"},{"@type":"ListItem","position":2,"name":"Nachhaltigkeit &#8211; ESG"}]},{"@type":"WebSite","@id":"https:\/\/winterberg.group\/#website","url":"https:\/\/winterberg.group\/","name":"Winterberg Group","description":"","publisher":{"@id":"https:\/\/winterberg.group\/#organization"},"potentialAction":[{"@type":"SearchAction","target":{"@type":"EntryPoint","urlTemplate":"https:\/\/winterberg.group\/?s={search_term_string}"},"query-input":"required name=search_term_string"}],"inLanguage":"de"},{"@type":"Organization","@id":"https:\/\/winterberg.group\/#organization","name":"Winterberg Group","url":"https:\/\/winterberg.group\/","logo":{"@type":"ImageObject","inLanguage":"de","@id":"https:\/\/winterberg.group\/#\/schema\/logo\/image\/","url":"https:\/\/winterberg.group\/wp-content\/uploads\/2018\/06\/winterberg-group-logo-with-w.png","contentUrl":"https:\/\/winterberg.group\/wp-content\/uploads\/2018\/06\/winterberg-group-logo-with-w.png","width":356,"height":48,"caption":"Winterberg Group"},"image":{"@id":"https:\/\/winterberg.group\/#\/schema\/logo\/image\/"}}]}},"_links":{"self":[{"href":"https:\/\/winterberg.group\/de\/wp-json\/wp\/v2\/pages\/886","targetHints":{"allow":["GET"]}}],"collection":[{"href":"https:\/\/winterberg.group\/de\/wp-json\/wp\/v2\/pages"}],"about":[{"href":"https:\/\/winterberg.group\/de\/wp-json\/wp\/v2\/types\/page"}],"author":[{"embeddable":true,"href":"https:\/\/winterberg.group\/de\/wp-json\/wp\/v2\/users\/2"}],"replies":[{"embeddable":true,"href":"https:\/\/winterberg.group\/de\/wp-json\/wp\/v2\/comments?post=886"}],"version-history":[{"count":2,"href":"https:\/\/winterberg.group\/de\/wp-json\/wp\/v2\/pages\/886\/revisions"}],"predecessor-version":[{"id":889,"href":"https:\/\/winterberg.group\/de\/wp-json\/wp\/v2\/pages\/886\/revisions\/889"}],"wp:attachment":[{"href":"https:\/\/winterberg.group\/de\/wp-json\/wp\/v2\/media?parent=886"}],"curies":[{"name":"wp","href":"https:\/\/api.w.org\/{rel}","templated":true}]}}